{"id":318,"date":"2024-04-18T17:44:08","date_gmt":"2024-04-18T15:44:08","guid":{"rendered":"https:\/\/revita-odenwald.de\/?page_id=318"},"modified":"2024-04-18T17:46:56","modified_gmt":"2024-04-18T15:46:56","slug":"starker-ruecken-fitte-gelenke","status":"publish","type":"page","link":"https:\/\/revita-odenwald.de\/?page_id=318","title":{"rendered":"Starker R\u00fccken &amp; Fitte Gelenke"},"content":{"rendered":"\n<div class=\"wp-block-group alignfull has-background gutenify-section-68c45f10-f6fe-11ee-b980-596f2d7e5213 is-layout-flow wp-block-group-is-layout-flow gtfy-13\" style=\"background:linear-gradient(77deg,rgb(255,203,112) 1%,rgba(255,0,0,0.41) 17%,rgba(0,0,255,0.33) 51%,rgba(0,255,0,0.33) 96%);padding-top:0;padding-right:20px;padding-bottom:0;padding-left:20px\">\n<div class=\"wp-block-group gutenify-section-cd963ce0-f700-11ee-b980-596f2d7e5213 is-layout-constrained wp-container-core-group-is-layout-4383d167 wp-block-group-is-layout-constrained gtfy-12\">\n<div class=\"wp-block-columns are-vertically-aligned-center gutenify-section-9dd78f60-f6fe-11ee-b980-596f2d7e5213 is-layout-flex wp-container-core-columns-is-layout-28f84493 wp-block-columns-is-layout-flex gtfy-11\">\n<div class=\"wp-block-column is-vertically-aligned-center gutenify-section-9e93b370-f6fe-11ee-b980-596f2d7e5213 is-layout-flow wp-container-core-column-is-layout-1a0eff7f wp-block-column-is-layout-flow gtfy-7\" style=\"flex-basis:55%\">\n<p class=\"gutenify-section-d741d1f0-fd9a-11ee-89b2-63f062539efa gtfy-1\"><\/p>\n\n\n\n<h2 class=\"wp-block-heading has-background-color has-text-color has-link-color has-poppins-font-family gutenify-section-11853520-f6ff-11ee-b980-596f2d7e5213 wp-elements-96e52589b104d0c1c3e248695e0375c2 gtfy-2\" style=\"font-size:72px;line-height:1.1\">Einseitige Belastungen &amp; wenig Bewegung sind Gift f\u00fcr den R\u00fccken. <\/h2>\n\n\n\n<p class=\"gutenify-section-f9f60e60-fd99-11ee-89b2-63f062539efa gtfy-3\">Einseitige Belastungen, wenig Bewegung und Fehlhaltungen sind Gift f\u00fcr den R\u00fccken. Die sch\u00fctzende Muskulatur wird abgebaut, ein muskul\u00e4res Ungleichgewicht der Rumpfmuskulatur ist die Folge. Der St\u00fctzapparat kann seine Funktion nur noch eingeschr\u00e4nkt erf\u00fcllen und Schmerzen lassen nicht lange auf sich warten.<\/p>\n\n\n\n<p class=\"gutenify-section-f9f65c80-fd99-11ee-89b2-63f062539efa gtfy-4\">Wir bieten Ihnen ein effektives R\u00fcckenprogramm, das durch einen Mix aus Ausdauer- und Krafttraining die Muskulatur st\u00e4rkt und f\u00fcr den n\u00f6tigen Ausgleich sorgt. Dehnungs- und Mobilisations\u00fcbungen erg\u00e4nzen Ihren Trainingsplan.<\/p>\n\n\n\n<p class=\"gutenify-section-f9f76df0-fd99-11ee-89b2-63f062539efa gtfy-5\">\u25cf eine gut trainierte Rumpfmuskulatur sorgt f\u00fcr<br>eine ausreichende Stabilisierung der Wirbels\u00e4ule<br>\u25cf besseres Auffangen bzw. Abfedern \u00e4u\u00dferer Beschleunigungs- und Bremskr\u00e4fte und damit auch der Sturzprophylaxe<br>\u25cf eine bessere Verteilung der Belastung<br>\u25cf eine Sicherung der Gelenke<br>\u25cf eine aufrechte und damit r\u00fcckenfreundlichere Haltung<\/p>\n\n\n\n<p class=\"gutenify-section-d4d4a280-fd9a-11ee-89b2-63f062539efa gtfy-6\"><\/p>\n<\/div>\n\n\n\n<div class=\"wp-block-column is-vertically-aligned-center gutenify-section-9e933e40-f6fe-11ee-b980-596f2d7e5213 is-layout-flow wp-block-column-is-layout-flow gtfy-10\" style=\"flex-basis:45%\">\n<div class=\"wp-block-group gutenify-section-8f33d1f0-f701-11ee-b980-596f2d7e5213 is-content-justification-center is-layout-constrained wp-block-group-is-layout-constrained gtfy-9\">\n<figure class=\"wp-block-image size-large is-resized gutenify-section-a77828e0-f6fe-11ee-b980-596f2d7e5213 gtfy-8\"><img loading=\"lazy\" decoding=\"async\" width=\"1620\" height=\"2160\" src=\"https:\/\/revita-odenwald.de\/wp-content\/uploads\/2024\/04\/iStock-1332442587-edited.jpg\" alt=\"\" class=\"wp-image-320\" style=\"width:428px;height:auto\" srcset=\"https:\/\/revita-odenwald.de\/wp-content\/uploads\/2024\/04\/iStock-1332442587-edited.jpg 1620w, https:\/\/revita-odenwald.de\/wp-content\/uploads\/2024\/04\/iStock-1332442587-edited-225x300.jpg 225w, https:\/\/revita-odenwald.de\/wp-content\/uploads\/2024\/04\/iStock-1332442587-edited-768x1024.jpg 768w, https:\/\/revita-odenwald.de\/wp-content\/uploads\/2024\/04\/iStock-1332442587-edited-1152x1536.jpg 1152w, https:\/\/revita-odenwald.de\/wp-content\/uploads\/2024\/04\/iStock-1332442587-edited-1536x2048.jpg 1536w\" sizes=\"auto, (max-width: 1620px) 100vw, 1620px\" \/><\/figure>\n<\/div>\n<\/div>\n<\/div>\n<\/div>\n<\/div>\n","protected":false},"excerpt":{"rendered":"<p>Einseitige Belastungen &amp; wenig Bewegung sind Gift f\u00fcr den R\u00fccken. Einseitige Belastungen, wenig Bewegung und [&hellip;]<\/p>\n","protected":false},"author":1,"featured_media":0,"parent":0,"menu_order":0,"comment_status":"closed","ping_status":"closed","template":"","meta":{"gutenify_custom_css":"","gutenify_custom_css_data":"","footnotes":""},"class_list":["post-318","page","type-page","status-publish","hentry"],"yoast_head":"<!-- This site is optimized with the Yoast SEO plugin v25.0 - https:\/\/yoast.com\/wordpress\/plugins\/seo\/ -->\n<title>Starker R\u00fccken &amp; Fitte Gelenke -<\/title>\n<meta name=\"robots\" content=\"index, follow, max-snippet:-1, max-image-preview:large, max-video-preview:-1\" \/>\n<link rel=\"canonical\" href=\"https:\/\/revita-odenwald.de\/?page_id=318\" \/>\n<meta property=\"og:locale\" content=\"de_DE\" \/>\n<meta property=\"og:type\" content=\"article\" \/>\n<meta property=\"og:title\" content=\"Starker R\u00fccken &amp; Fitte Gelenke -\" \/>\n<meta property=\"og:description\" content=\"Einseitige Belastungen &amp; wenig Bewegung sind Gift f\u00fcr den R\u00fccken. Einseitige Belastungen, wenig Bewegung und [&hellip;]\" \/>\n<meta property=\"og:url\" content=\"https:\/\/revita-odenwald.de\/?page_id=318\" \/>\n<meta property=\"article:modified_time\" content=\"2024-04-18T15:46:56+00:00\" \/>\n<meta property=\"og:image\" content=\"https:\/\/revita-odenwald.de\/wp-content\/uploads\/2024\/04\/iStock-1332442587-edited.jpg\" \/>\n<meta name=\"twitter:card\" content=\"summary_large_image\" \/>\n<meta name=\"twitter:label1\" content=\"Gesch\u00e4tzte Lesezeit\" \/>\n\t<meta name=\"twitter:data1\" content=\"1\u00a0Minute\" \/>\n<script type=\"application\/ld+json\" class=\"yoast-schema-graph\">{\"@context\":\"https:\/\/schema.org\",\"@graph\":[{\"@type\":\"WebPage\",\"@id\":\"https:\/\/revita-odenwald.de\/?page_id=318\",\"url\":\"https:\/\/revita-odenwald.de\/?page_id=318\",\"name\":\"Starker R\u00fccken &amp; Fitte Gelenke -\",\"isPartOf\":{\"@id\":\"https:\/\/revita-odenwald.de\/#website\"},\"primaryImageOfPage\":{\"@id\":\"https:\/\/revita-odenwald.de\/?page_id=318#primaryimage\"},\"image\":{\"@id\":\"https:\/\/revita-odenwald.de\/?page_id=318#primaryimage\"},\"thumbnailUrl\":\"https:\/\/revita-odenwald.de\/wp-content\/uploads\/2024\/04\/iStock-1332442587-edited.jpg\",\"datePublished\":\"2024-04-18T15:44:08+00:00\",\"dateModified\":\"2024-04-18T15:46:56+00:00\",\"breadcrumb\":{\"@id\":\"https:\/\/revita-odenwald.de\/?page_id=318#breadcrumb\"},\"inLanguage\":\"de\",\"potentialAction\":[{\"@type\":\"ReadAction\",\"target\":[\"https:\/\/revita-odenwald.de\/?page_id=318\"]}]},{\"@type\":\"ImageObject\",\"inLanguage\":\"de\",\"@id\":\"https:\/\/revita-odenwald.de\/?page_id=318#primaryimage\",\"url\":\"https:\/\/revita-odenwald.de\/wp-content\/uploads\/2024\/04\/iStock-1332442587-edited.jpg\",\"contentUrl\":\"https:\/\/revita-odenwald.de\/wp-content\/uploads\/2024\/04\/iStock-1332442587-edited.jpg\",\"width\":1620,\"height\":2160,\"caption\":\"Senior man sitting on the sofa and sleeping while watching TV at night\"},{\"@type\":\"BreadcrumbList\",\"@id\":\"https:\/\/revita-odenwald.de\/?page_id=318#breadcrumb\",\"itemListElement\":[{\"@type\":\"ListItem\",\"position\":1,\"name\":\"Startseite\",\"item\":\"https:\/\/revita-odenwald.de\/\"},{\"@type\":\"ListItem\",\"position\":2,\"name\":\"Starker R\u00fccken &amp; Fitte Gelenke\"}]},{\"@type\":\"WebSite\",\"@id\":\"https:\/\/revita-odenwald.de\/#website\",\"url\":\"https:\/\/revita-odenwald.de\/\",\"name\":\"\",\"description\":\"\",\"potentialAction\":[{\"@type\":\"SearchAction\",\"target\":{\"@type\":\"EntryPoint\",\"urlTemplate\":\"https:\/\/revita-odenwald.de\/?s={search_term_string}\"},\"query-input\":{\"@type\":\"PropertyValueSpecification\",\"valueRequired\":true,\"valueName\":\"search_term_string\"}}],\"inLanguage\":\"de\"}]}<\/script>\n<!-- \/ Yoast SEO plugin. -->","yoast_head_json":{"title":"Starker R\u00fccken &amp; Fitte Gelenke -","robots":{"index":"index","follow":"follow","max-snippet":"max-snippet:-1","max-image-preview":"max-image-preview:large","max-video-preview":"max-video-preview:-1"},"canonical":"https:\/\/revita-odenwald.de\/?page_id=318","og_locale":"de_DE","og_type":"article","og_title":"Starker R\u00fccken &amp; Fitte Gelenke -","og_description":"Einseitige Belastungen &amp; wenig Bewegung sind Gift f\u00fcr den R\u00fccken. Einseitige Belastungen, wenig Bewegung und [&hellip;]","og_url":"https:\/\/revita-odenwald.de\/?page_id=318","article_modified_time":"2024-04-18T15:46:56+00:00","og_image":[{"url":"https:\/\/revita-odenwald.de\/wp-content\/uploads\/2024\/04\/iStock-1332442587-edited.jpg","type":"","width":"","height":""}],"twitter_card":"summary_large_image","twitter_misc":{"Gesch\u00e4tzte Lesezeit":"1\u00a0Minute"},"schema":{"@context":"https:\/\/schema.org","@graph":[{"@type":"WebPage","@id":"https:\/\/revita-odenwald.de\/?page_id=318","url":"https:\/\/revita-odenwald.de\/?page_id=318","name":"Starker R\u00fccken &amp; Fitte Gelenke -","isPartOf":{"@id":"https:\/\/revita-odenwald.de\/#website"},"primaryImageOfPage":{"@id":"https:\/\/revita-odenwald.de\/?page_id=318#primaryimage"},"image":{"@id":"https:\/\/revita-odenwald.de\/?page_id=318#primaryimage"},"thumbnailUrl":"https:\/\/revita-odenwald.de\/wp-content\/uploads\/2024\/04\/iStock-1332442587-edited.jpg","datePublished":"2024-04-18T15:44:08+00:00","dateModified":"2024-04-18T15:46:56+00:00","breadcrumb":{"@id":"https:\/\/revita-odenwald.de\/?page_id=318#breadcrumb"},"inLanguage":"de","potentialAction":[{"@type":"ReadAction","target":["https:\/\/revita-odenwald.de\/?page_id=318"]}]},{"@type":"ImageObject","inLanguage":"de","@id":"https:\/\/revita-odenwald.de\/?page_id=318#primaryimage","url":"https:\/\/revita-odenwald.de\/wp-content\/uploads\/2024\/04\/iStock-1332442587-edited.jpg","contentUrl":"https:\/\/revita-odenwald.de\/wp-content\/uploads\/2024\/04\/iStock-1332442587-edited.jpg","width":1620,"height":2160,"caption":"Senior man sitting on the sofa and sleeping while watching TV at night"},{"@type":"BreadcrumbList","@id":"https:\/\/revita-odenwald.de\/?page_id=318#breadcrumb","itemListElement":[{"@type":"ListItem","position":1,"name":"Startseite","item":"https:\/\/revita-odenwald.de\/"},{"@type":"ListItem","position":2,"name":"Starker R\u00fccken &amp; Fitte Gelenke"}]},{"@type":"WebSite","@id":"https:\/\/revita-odenwald.de\/#website","url":"https:\/\/revita-odenwald.de\/","name":"","description":"","potentialAction":[{"@type":"SearchAction","target":{"@type":"EntryPoint","urlTemplate":"https:\/\/revita-odenwald.de\/?s={search_term_string}"},"query-input":{"@type":"PropertyValueSpecification","valueRequired":true,"valueName":"search_term_string"}}],"inLanguage":"de"}]}},"_links":{"self":[{"href":"https:\/\/revita-odenwald.de\/index.php?rest_route=\/wp\/v2\/pages\/318","targetHints":{"allow":["GET"]}}],"collection":[{"href":"https:\/\/revita-odenwald.de\/index.php?rest_route=\/wp\/v2\/pages"}],"about":[{"href":"https:\/\/revita-odenwald.de\/index.php?rest_route=\/wp\/v2\/types\/page"}],"author":[{"embeddable":true,"href":"https:\/\/revita-odenwald.de\/index.php?rest_route=\/wp\/v2\/users\/1"}],"replies":[{"embeddable":true,"href":"https:\/\/revita-odenwald.de\/index.php?rest_route=%2Fwp%2Fv2%2Fcomments&post=318"}],"version-history":[{"count":3,"href":"https:\/\/revita-odenwald.de\/index.php?rest_route=\/wp\/v2\/pages\/318\/revisions"}],"predecessor-version":[{"id":325,"href":"https:\/\/revita-odenwald.de\/index.php?rest_route=\/wp\/v2\/pages\/318\/revisions\/325"}],"wp:attachment":[{"href":"https:\/\/revita-odenwald.de\/index.php?rest_route=%2Fwp%2Fv2%2Fmedia&parent=318"}],"curies":[{"name":"wp","href":"https:\/\/api.w.org\/{rel}","templated":true}]}}