{"id":23,"date":"2023-12-29T09:01:22","date_gmt":"2023-12-29T08:01:22","guid":{"rendered":"https:\/\/revita-odenwald.de\/?page_id=23"},"modified":"2024-01-03T11:16:04","modified_gmt":"2024-01-03T10:16:04","slug":"impressum","status":"publish","type":"page","link":"https:\/\/revita-odenwald.de\/?page_id=23","title":{"rendered":"Impressum"},"content":{"rendered":"\n<h2 class=\"wp-block-heading gutenify-section-dcb922a0-aa20-11ee-9525-0b1863b4e7ad gtfy-1\">Angaben gem\u00e4\u00df $5 TMG<br>F\u00fcr die Inhalte der Seite ist verantwortlich:<\/h2>\n\n\n\n<p class=\"gutenify-section-dcb9e5f0-aa20-11ee-9525-0b1863b4e7ad gtfy-6\">Gesch\u00e4ftsf\u00fchrer Frank Leutz<br>Rehaplus Odenwald, Seeweg 1, 64760 Oberzent Vitaplus Odenwald U.G., Seeweg 1, 64760 Oberzent<\/p>\n\n\n\n<p class=\"gutenify-section-f4ad2f50-aa20-11ee-9525-0b1863b4e7ad gtfy-11\"><\/p>\n\n\n\n<p class=\"gutenify-section-f53b1770-aa20-11ee-9525-0b1863b4e7ad gtfy-16\">ReVita Gruppe:<\/p>\n\n\n\n<p class=\"gutenify-section-dcba3410-aa20-11ee-9525-0b1863b4e7ad gtfy-21\">Kontakt:<br>Rehaplus Odenwald<br>Tel.: 06068 940144<br>Fax: 06068 940145<br>Mail: info@rehaplus-odenwald.de<\/p>\n\n\n\n<p class=\"gutenify-section-dcba8230-aa20-11ee-9525-0b1863b4e7ad gtfy-26\">Vitaplus Odenwald U.G.<br>Tel.: 06068 9400049<br>Mail: info@vitaplus-odenwald.de<\/p>\n\n\n\n<p class=\"gutenify-section-dcbad050-aa20-11ee-9525-0b1863b4e7ad gtfy-31\">Registereintrag von Vitaplus Odenwald U.G.:<br>Eintragung im Registergericht: Darmstadt<br>Registernummer: HR B 88171<\/p>\n\n\n\n<p class=\"gutenify-section-dcbb1e70-aa20-11ee-9525-0b1863b4e7ad gtfy-36\">Umsatzsteuer-Identifikationsnummer gem\u00e4\u00df \u00a727a Umsatzsteuergesetz von Vitaplus Odenwald U.G.: DE 266841867<\/p>\n\n\n\n<p class=\"gutenify-section-dcbb6c90-aa20-11ee-9525-0b1863b4e7ad gtfy-41\">Datenschutzbeauftragter:<br>Janosch Deutsch<br>Seeweg 1, 64760 Oberzent<\/p>\n\n\n\n<p class=\"gutenify-section-dcbd8f70-aa20-11ee-9525-0b1863b4e7ad gtfy-46\">Dies gilt auch f\u00fcr unsere Facebookseite.<\/p>\n","protected":false},"excerpt":{"rendered":"<p>Angaben gem\u00e4\u00df $5 TMGF\u00fcr die Inhalte der Seite ist verantwortlich: Gesch\u00e4ftsf\u00fchrer Frank LeutzRehaplus Odenwald, Seeweg [&hellip;]<\/p>\n","protected":false},"author":1,"featured_media":0,"parent":0,"menu_order":0,"comment_status":"closed","ping_status":"closed","template":"","meta":{"gutenify_custom_css":"","gutenify_custom_css_data":"","footnotes":""},"class_list":["post-23","page","type-page","status-publish","hentry"],"yoast_head":"<!-- This site is optimized with the Yoast SEO plugin v25.0 - https:\/\/yoast.com\/wordpress\/plugins\/seo\/ -->\n<title>Impressum -<\/title>\n<meta name=\"robots\" content=\"index, follow, max-snippet:-1, max-image-preview:large, max-video-preview:-1\" \/>\n<link rel=\"canonical\" href=\"https:\/\/revita-odenwald.de\/?page_id=23\" \/>\n<meta property=\"og:locale\" content=\"de_DE\" \/>\n<meta property=\"og:type\" content=\"article\" \/>\n<meta property=\"og:title\" content=\"Impressum -\" \/>\n<meta property=\"og:description\" content=\"Angaben gem\u00e4\u00df $5 TMGF\u00fcr die Inhalte der Seite ist verantwortlich: Gesch\u00e4ftsf\u00fchrer Frank LeutzRehaplus Odenwald, Seeweg [&hellip;]\" \/>\n<meta property=\"og:url\" content=\"https:\/\/revita-odenwald.de\/?page_id=23\" \/>\n<meta property=\"article:modified_time\" content=\"2024-01-03T10:16:04+00:00\" \/>\n<meta name=\"twitter:card\" content=\"summary_large_image\" \/>\n<script type=\"application\/ld+json\" class=\"yoast-schema-graph\">{\"@context\":\"https:\/\/schema.org\",\"@graph\":[{\"@type\":\"WebPage\",\"@id\":\"https:\/\/revita-odenwald.de\/?page_id=23\",\"url\":\"https:\/\/revita-odenwald.de\/?page_id=23\",\"name\":\"Impressum -\",\"isPartOf\":{\"@id\":\"https:\/\/revita-odenwald.de\/#website\"},\"datePublished\":\"2023-12-29T08:01:22+00:00\",\"dateModified\":\"2024-01-03T10:16:04+00:00\",\"breadcrumb\":{\"@id\":\"https:\/\/revita-odenwald.de\/?page_id=23#breadcrumb\"},\"inLanguage\":\"de\",\"potentialAction\":[{\"@type\":\"ReadAction\",\"target\":[\"https:\/\/revita-odenwald.de\/?page_id=23\"]}]},{\"@type\":\"BreadcrumbList\",\"@id\":\"https:\/\/revita-odenwald.de\/?page_id=23#breadcrumb\",\"itemListElement\":[{\"@type\":\"ListItem\",\"position\":1,\"name\":\"Startseite\",\"item\":\"https:\/\/revita-odenwald.de\/\"},{\"@type\":\"ListItem\",\"position\":2,\"name\":\"Impressum\"}]},{\"@type\":\"WebSite\",\"@id\":\"https:\/\/revita-odenwald.de\/#website\",\"url\":\"https:\/\/revita-odenwald.de\/\",\"name\":\"\",\"description\":\"\",\"potentialAction\":[{\"@type\":\"SearchAction\",\"target\":{\"@type\":\"EntryPoint\",\"urlTemplate\":\"https:\/\/revita-odenwald.de\/?s={search_term_string}\"},\"query-input\":{\"@type\":\"PropertyValueSpecification\",\"valueRequired\":true,\"valueName\":\"search_term_string\"}}],\"inLanguage\":\"de\"}]}<\/script>\n<!-- \/ Yoast SEO plugin. -->","yoast_head_json":{"title":"Impressum -","robots":{"index":"index","follow":"follow","max-snippet":"max-snippet:-1","max-image-preview":"max-image-preview:large","max-video-preview":"max-video-preview:-1"},"canonical":"https:\/\/revita-odenwald.de\/?page_id=23","og_locale":"de_DE","og_type":"article","og_title":"Impressum -","og_description":"Angaben gem\u00e4\u00df $5 TMGF\u00fcr die Inhalte der Seite ist verantwortlich: Gesch\u00e4ftsf\u00fchrer Frank LeutzRehaplus Odenwald, Seeweg [&hellip;]","og_url":"https:\/\/revita-odenwald.de\/?page_id=23","article_modified_time":"2024-01-03T10:16:04+00:00","twitter_card":"summary_large_image","schema":{"@context":"https:\/\/schema.org","@graph":[{"@type":"WebPage","@id":"https:\/\/revita-odenwald.de\/?page_id=23","url":"https:\/\/revita-odenwald.de\/?page_id=23","name":"Impressum -","isPartOf":{"@id":"https:\/\/revita-odenwald.de\/#website"},"datePublished":"2023-12-29T08:01:22+00:00","dateModified":"2024-01-03T10:16:04+00:00","breadcrumb":{"@id":"https:\/\/revita-odenwald.de\/?page_id=23#breadcrumb"},"inLanguage":"de","potentialAction":[{"@type":"ReadAction","target":["https:\/\/revita-odenwald.de\/?page_id=23"]}]},{"@type":"BreadcrumbList","@id":"https:\/\/revita-odenwald.de\/?page_id=23#breadcrumb","itemListElement":[{"@type":"ListItem","position":1,"name":"Startseite","item":"https:\/\/revita-odenwald.de\/"},{"@type":"ListItem","position":2,"name":"Impressum"}]},{"@type":"WebSite","@id":"https:\/\/revita-odenwald.de\/#website","url":"https:\/\/revita-odenwald.de\/","name":"","description":"","potentialAction":[{"@type":"SearchAction","target":{"@type":"EntryPoint","urlTemplate":"https:\/\/revita-odenwald.de\/?s={search_term_string}"},"query-input":{"@type":"PropertyValueSpecification","valueRequired":true,"valueName":"search_term_string"}}],"inLanguage":"de"}]}},"_links":{"self":[{"href":"https:\/\/revita-odenwald.de\/index.php?rest_route=\/wp\/v2\/pages\/23","targetHints":{"allow":["GET"]}}],"collection":[{"href":"https:\/\/revita-odenwald.de\/index.php?rest_route=\/wp\/v2\/pages"}],"about":[{"href":"https:\/\/revita-odenwald.de\/index.php?rest_route=\/wp\/v2\/types\/page"}],"author":[{"embeddable":true,"href":"https:\/\/revita-odenwald.de\/index.php?rest_route=\/wp\/v2\/users\/1"}],"replies":[{"embeddable":true,"href":"https:\/\/revita-odenwald.de\/index.php?rest_route=%2Fwp%2Fv2%2Fcomments&post=23"}],"version-history":[{"count":2,"href":"https:\/\/revita-odenwald.de\/index.php?rest_route=\/wp\/v2\/pages\/23\/revisions"}],"predecessor-version":[{"id":132,"href":"https:\/\/revita-odenwald.de\/index.php?rest_route=\/wp\/v2\/pages\/23\/revisions\/132"}],"wp:attachment":[{"href":"https:\/\/revita-odenwald.de\/index.php?rest_route=%2Fwp%2Fv2%2Fmedia&parent=23"}],"curies":[{"name":"wp","href":"https:\/\/api.w.org\/{rel}","templated":true}]}}