{"id":222,"date":"2024-01-10T13:31:27","date_gmt":"2024-01-10T12:31:27","guid":{"rendered":"https:\/\/revita-odenwald.de\/?page_id=222"},"modified":"2025-04-30T18:33:24","modified_gmt":"2025-04-30T16:33:24","slug":"fitness-kurse","status":"publish","type":"page","link":"https:\/\/revita-odenwald.de\/?page_id=222","title":{"rendered":"Fitness &#038; Kurse"},"content":{"rendered":"\n<div class=\"wp-block-group alignfull gutenify-section-ab1c70a0-f3a3-11ed-b8ac-9b5fd84dc1b3 is-layout-constrained wp-container-core-group-is-layout-d794d2f0 wp-block-group-is-layout-constrained gtfy-13\" style=\"padding-top:0px;padding-right:0px;padding-bottom:0px;padding-left:0px\">\n<div class=\"wp-block-cover alignfull gutenify-section-ab1bad50-f3a3-11ed-b8ac-9b5fd84dc1b3 gtfy-12\"><span aria-hidden=\"true\" class=\"wp-block-cover__background has-background-dim-100 has-background-dim has-background-gradient\" style=\"background:linear-gradient(181deg,rgb(0,151,172) 1%,rgb(155,81,224) 100%)\"><\/span><div class=\"wp-block-cover__inner-container is-layout-flow wp-block-cover-is-layout-flow\">\n<div class=\"wp-block-group gutenify-section-ab1b5f30-f3a3-11ed-b8ac-9b5fd84dc1b3 is-layout-constrained wp-block-group-is-layout-constrained gtfy-11\" style=\"padding-top:100px;padding-bottom:100px\">\n<div class=\"wp-block-columns alignwide gutenify-section-ab1b3820-f3a3-11ed-b8ac-9b5fd84dc1b3 is-layout-flex wp-container-core-columns-is-layout-28f84493 wp-block-columns-is-layout-flex gtfy-10\">\n<div class=\"wp-block-column gutenify-section-ab13e520-f3a3-11ed-b8ac-9b5fd84dc1b3 is-layout-flow wp-block-column-is-layout-flow gtfy-1\" style=\"flex-basis:10%\"><\/div>\n\n\n\n<div class=\"wp-block-column is-vertically-aligned-center gutenify-section-ab1a4dc0-f3a3-11ed-b8ac-9b5fd84dc1b3 is-layout-flow wp-block-column-is-layout-flow gtfy-8\" style=\"flex-basis:100%\">\n<div class=\"wp-block-group alignwide has-background-color has-text-color gutenify-section-ab160800-f3a3-11ed-b8ac-9b5fd84dc1b3 is-layout-constrained wp-block-group-is-layout-constrained gtfy-5\">\n<p class=\"has-text-align-center has-white-color has-text-color has-small-font-size gutenify-section-ab143340-f3a3-11ed-b8ac-9b5fd84dc1b3 gtfy-2\">Gesundheit braucht gezieltes Training<\/p>\n\n\n\n<h2 class=\"wp-block-heading alignwide has-text-align-center has-white-color has-text-color has-huge-font-size gutenify-section-ab156bc0-f3a3-11ed-b8ac-9b5fd84dc1b3 gtfy-3\">Gelobt sei, was stark macht!<\/h2>\n\n\n\n<p class=\"has-text-align-center has-white-color has-text-color gutenify-section-ab15b9e0-f3a3-11ed-b8ac-9b5fd84dc1b3 gtfy-4\">Durch gezielte k\u00f6rperliche Aktivit\u00e4t k\u00f6nnen verschiedene Aspekte der Gesundheit, wie Muskulatur, Ausdauer und mentales Wohlbefinden, positiv beeinflusst werden. Dieses Verst\u00e4ndnis betont die Bedeutung von regelm\u00e4\u00dfigem Training als wesentlichen Baustein f\u00fcr einen gesunden Lebensstil<\/p>\n<\/div>\n\n\n\n<div class=\"wp-block-gutenify-buttons is-content-justification-center wp-block-buttons gutenify-buttons-version-2 gutenify-section-ab586830-f3a3-11ed-b8ac-9b5fd84dc1b3 gtfy-7\">\n<div class=\"wp-block-gutenify-button wp-block-button gutenify-button-version-2 gutenify-section-f6231abe-e7f6-4bf7-a2bd-489d5bb7b7bb gtfy-6\"><a href=\"https:\/\/revita-odenwald.de\/?page_id=12\" class=\"gutenify-button-link wp-block-button__link\"><i class=\"fas fa-angle-double-right\"><\/i><span>Du willst etwas f\u00fcr deine Gesundheit tun?<\/span><\/a><\/div>\n<\/div>\n<\/div>\n\n\n\n<div class=\"wp-block-column gutenify-section-ab1b1110-f3a3-11ed-b8ac-9b5fd84dc1b3 is-layout-flow wp-block-column-is-layout-flow gtfy-9\" style=\"flex-basis:10%\"><\/div>\n<\/div>\n<\/div>\n<\/div><\/div>\n<\/div>\n\n\n\n<div class=\"wp-block-group alignfull has-background gutenify-section-0aea4ce0-f3b9-11ed-8a49-df74f6afbc68 is-layout-constrained wp-block-group-is-layout-constrained gtfy-53\" style=\"background-color:#f5f5f5\">\n<div class=\"wp-block-gutenify-container alignwide gutenify-block-container-wrapper gutenify-container-version-2 gutenify-section-d49f04b1-0b23-4ff4-b73f-1c56d496fbe8 gtfy-51\"><div class=\"gutenify-container\"><div class=\"has-text-align-center wp-block-gutenify-section-title gtfy-18\"><div class=\"gutenify-section-title-section \"><p class=\" gutenify-section-title-prefix\">Die Experten<\/p><h2 class=\" gutenify-section-title-main\">Dein Plus an Fitness!<\/h2><p class=\" gutenify-section-title-suffix\">Gesundheit braucht gezieltes Training<\/p><\/div><\/div>\n\n\n<hr class=\"wp-block-separator has-text-color has-vivid-cyan-blue-color has-css-opacity has-vivid-cyan-blue-background-color has-background gutenify-section-0ae9fec0-f3b9-11ed-8a49-df74f6afbc68 gtfy-19\"\/>\n\n\n\n<div class=\"wp-block-gutenify-service gutenify-service-layout-2 gutenify-service-col-3 gutenify-service-version-2 alignundefined gutenify-service-block-wrapper gutenify-section-e342f813-eb99-4777-b004-13d4bd4d2c4c gtfy-50\"><div class=\"gutenify-service-block\">\n<div class=\"wp-block-gutenify-info-box gutenify-info-box-layout-2 gutenify-info-box-version-2 flex-col-item has-shadow-dark gutenify-section-4f9aaa40-1cf4-42da-bc7f-83d3e70176ab gtfy-24\">\n<div class=\"wp-block-gutenify-icon flex-col-item is-content-justification-center gutenify-icon-version-2 gutenify-section-85544b85-9a10-4395-909c-edd4676a95cd gtfy-20\"><a class=\"gutenify-icon-wrapper\"><i class=\"far fa-user\"><\/i><\/a><\/div>\n\n\n\n<h3 class=\"wp-block-heading has-text-align-left gutenify-admin-info-box-block-title gutenify-section-26c00090-f3b9-11ed-8a49-df74f6afbc68 gtfy-21\">R\u00fcckenfit<\/h3>\n\n\n\n<h4 class=\"wp-block-heading has-text-align-left gutenify-admin-info-box-block-subtitle gutenify-section-26c04eb0-f3b9-11ed-8a49-df74f6afbc68 gtfy-22\">Montag<\/h4>\n\n\n\n<p class=\"has-text-align-left gutenify-admin-info-box-block-content gutenify-section-26c0c3e0-f3b9-11ed-8a49-df74f6afbc68 gtfy-23\">Gezielte \u00dcbungen zur Kr\u00e4ftigung der Rumpfmuskulatur, um Problemen vorzubeugen oder bereits vorhandene Schmerzen zu lindern. Dehnungen verbessern die Beweglichkeit und Koordinations\u00fcbungen zeigen Alternativen zu eingefahrenen Steh- oder Sitzpositionen im Alltag auf.<\/p>\n<\/div>\n\n\n\n<div class=\"wp-block-gutenify-info-box gutenify-info-box-layout-2 gutenify-info-box-version-2 flex-col-item has-shadow-dark gutenify-section-3c1cd3cb-a099-4e38-b4fb-4353e75334a9 gtfy-29\">\n<div class=\"wp-block-gutenify-icon flex-col-item is-content-justification-center gutenify-icon-version-2 gutenify-section-3c2c58a5-d8fd-4051-9518-b3a99d58169d gtfy-25\"><a class=\"gutenify-icon-wrapper\"><i class=\"fas fa-user\"><\/i><\/a><\/div>\n\n\n\n<h3 class=\"wp-block-heading has-text-align-left gutenify-admin-info-box-block-title gutenify-section-2933e6c0-f3b9-11ed-8a49-df74f6afbc68 gtfy-26\">Zumba<\/h3>\n\n\n\n<h4 class=\"wp-block-heading has-text-align-left gutenify-admin-info-box-block-subtitle gutenify-section-29345bf0-f3b9-11ed-8a49-df74f6afbc68 gtfy-27\">Montag<\/h4>\n\n\n\n<p class=\"has-text-align-left gutenify-admin-info-box-block-content gutenify-section-2934aa10-f3b9-11ed-8a49-df74f6afbc68 gtfy-28\">Zumba ist eine dynamische und unterhaltsame Form des Fitnesstrainings, die lateinamerikanische Musik mit choreografierten Tanzbewegungen kombiniert. Es bietet nicht nur ein effektives Workout, sondern sorgt auch f\u00fcr eine mitrei\u00dfende und motivierende Atmosph\u00e4re.<\/p>\n<\/div>\n\n\n\n<div class=\"wp-block-gutenify-info-box gutenify-info-box-layout-2 gutenify-info-box-version-2 flex-col-item has-shadow-dark gutenify-section-1720cec7-50f3-46bd-8caf-c9c3ac7bf0d8 gtfy-34\">\n<div class=\"wp-block-gutenify-icon flex-col-item is-content-justification-center gutenify-icon-version-2 gutenify-section-3f5bcd23-823b-4672-9deb-7d883375e586 gtfy-30\"><a class=\"gutenify-icon-wrapper\"><i class=\"far fa-user\"><\/i><\/a><\/div>\n\n\n\n<h3 class=\"wp-block-heading has-text-align-left gutenify-admin-info-box-block-title gutenify-section-2b4f4cb0-f3b9-11ed-8a49-df74f6afbc68 gtfy-31\">Funktional Fitness<\/h3>\n\n\n\n<h4 class=\"wp-block-heading has-text-align-left gutenify-admin-info-box-block-subtitle gutenify-section-2b4fe8f0-f3b9-11ed-8a49-df74f6afbc68 gtfy-32\">Montag &amp; Mittwoch<\/h4>\n\n\n\n<p class=\"has-text-align-left gutenify-admin-info-box-block-content gutenify-section-2b50ac40-f3b9-11ed-8a49-df74f6afbc68 gtfy-33\">Dieses funktionale Training verringert die Verletzungsgefahr und verbessert zugleich die Leistungsf\u00e4higkeit des gesamten K\u00f6rpers. Es werden nicht einzelne Muskeln isoliert trainiert, sondern immer komplette Muskelgruppen und Muskelketten beansprucht.&nbsp;<\/p>\n<\/div>\n\n\n\n<div class=\"wp-block-gutenify-info-box gutenify-info-box-layout-2 gutenify-info-box-version-2 flex-col-item has-shadow-dark gutenify-section-4b245ef9-320f-48cf-abe3-1fcd02871805 gtfy-39\">\n<div class=\"wp-block-gutenify-icon flex-col-item is-content-justification-center gutenify-icon-version-2 gutenify-section-d7d7aaf3-c016-4f5c-bde7-f12ba8819921 gtfy-35\"><a class=\"gutenify-icon-wrapper\"><i class=\"fas fa-user\"><\/i><\/a><\/div>\n\n\n\n<h3 class=\"wp-block-heading has-text-align-left gutenify-admin-info-box-block-title gutenify-section-2de1b760-f3b9-11ed-8a49-df74f6afbc68 gtfy-36\">Mobility Yoga<\/h3>\n\n\n\n<h4 class=\"wp-block-heading has-text-align-left gutenify-admin-info-box-block-subtitle gutenify-section-2de253a0-f3b9-11ed-8a49-df74f6afbc68 gtfy-37\">Montag<\/h4>\n\n\n\n<p class=\"has-text-align-left gutenify-admin-info-box-block-content gutenify-section-2de2c8d0-f3b9-11ed-8a49-df74f6afbc68 gtfy-38\">Neben der Steigerung von Kraft, Beweglichkeit, Ausdauer und Koordination bekommt man durch Power Yoga auch einen ruhigen und klaren Geist. Power Yoga ist sportlich!<\/p>\n<\/div>\n\n\n\n<div class=\"wp-block-gutenify-info-box gutenify-info-box-layout-2 gutenify-info-box-version-2 flex-col-item has-shadow-dark gutenify-section-4415da84-78c4-49cf-8631-26d4d6b15a49 gtfy-44\">\n<div class=\"wp-block-gutenify-icon flex-col-item is-content-justification-center gutenify-icon-version-2 gutenify-section-1d5ab1d8-f7c4-43e6-a842-3dc6084435e9 gtfy-40\"><a class=\"gutenify-icon-wrapper\"><i class=\"far fa-user\"><\/i><\/a><\/div>\n\n\n\n<h3 class=\"wp-block-heading has-text-align-left gutenify-admin-info-box-block-title gutenify-section-2f2ab220-f3b9-11ed-8a49-df74f6afbc68 gtfy-41\">Wirbels\u00e4ulengymnastik<\/h3>\n\n\n\n<h4 class=\"wp-block-heading has-text-align-left gutenify-admin-info-box-block-subtitle gutenify-section-2f2b7570-f3b9-11ed-8a49-df74f6afbc68 gtfy-42\">Dienstag &amp; Mittwoch<\/h4>\n\n\n\n<p class=\"has-text-align-left gutenify-admin-info-box-block-content gutenify-section-2f2beaa0-f3b9-11ed-8a49-df74f6afbc68 gtfy-43\">Ein starker R\u00fccken ist wichtig f\u00fcr das allgemeine Wohlbefinden.&nbsp;In der Gruppe werden die allgemeine Koordination und Beweglichkeit trainiert und dadurch eine Kr\u00e4ftigung des K\u00f6rpers angestrebt<\/p>\n<\/div>\n\n\n\n<div class=\"wp-block-gutenify-info-box gutenify-info-box-layout-2 gutenify-info-box-version-2 flex-col-item has-shadow-dark gutenify-section-219d550b-689a-4cf2-862f-e34d3bad0c86 gtfy-49\">\n<div class=\"wp-block-gutenify-icon flex-col-item is-content-justification-center gutenify-icon-version-2 gutenify-section-bf7f51be-4072-4dd2-8753-077b9e8bebfd gtfy-45\"><a class=\"gutenify-icon-wrapper\"><i class=\"fas fa-user\"><\/i><\/a><\/div>\n\n\n\n<h3 class=\"wp-block-heading has-text-align-left gutenify-admin-info-box-block-title gutenify-section-32b93010-f3b9-11ed-8a49-df74f6afbc68 gtfy-46\">Hatha Yoga<\/h3>\n\n\n\n<h4 class=\"wp-block-heading has-text-align-left gutenify-admin-info-box-block-subtitle gutenify-section-32b9cc50-f3b9-11ed-8a49-df74f6afbc68 gtfy-47\">Donnerstag<\/h4>\n\n\n\n<p class=\"has-text-align-left gutenify-admin-info-box-block-content gutenify-section-32ba6890-f3b9-11ed-8a49-df74f6afbc68 gtfy-48\">In diesem Kurs geht es darum, den K\u00f6rper zu sp\u00fcren und den Geist zu beruhigen. Die Reihenfolge der \u00dcbungen dient dazu, den K\u00f6rper zu mobilisieren, erw\u00e4rmen und zu dehnen.<\/p>\n<\/div>\n<\/div><\/div>\n<\/div><\/div>\n\n\n\n<figure class=\"wp-block-image size-large gutenify-section-f2426830-b073-11ee-903c-373e17bb7120 gtfy-52\"><img loading=\"lazy\" decoding=\"async\" width=\"1024\" height=\"724\" src=\"https:\/\/revita-odenwald.de\/wp-content\/uploads\/2025\/04\/Kursplan-1024x724.jpg\" alt=\"\" class=\"wp-image-494\" srcset=\"https:\/\/revita-odenwald.de\/wp-content\/uploads\/2025\/04\/Kursplan-1024x724.jpg 1024w, https:\/\/revita-odenwald.de\/wp-content\/uploads\/2025\/04\/Kursplan-300x212.jpg 300w, https:\/\/revita-odenwald.de\/wp-content\/uploads\/2025\/04\/Kursplan-768x543.jpg 768w, https:\/\/revita-odenwald.de\/wp-content\/uploads\/2025\/04\/Kursplan-1536x1086.jpg 1536w, https:\/\/revita-odenwald.de\/wp-content\/uploads\/2025\/04\/Kursplan-2048x1448.jpg 2048w\" sizes=\"auto, (max-width: 1024px) 100vw, 1024px\" \/><\/figure>\n<\/div>\n","protected":false},"excerpt":{"rendered":"","protected":false},"author":1,"featured_media":0,"parent":0,"menu_order":0,"comment_status":"closed","ping_status":"closed","template":"","meta":{"gutenify_custom_css":"","gutenify_custom_css_data":"","footnotes":""},"class_list":["post-222","page","type-page","status-publish","hentry"],"yoast_head":"<!-- This site is optimized with the Yoast SEO plugin v25.0 - https:\/\/yoast.com\/wordpress\/plugins\/seo\/ -->\n<title>Fitness &amp; Kurse -<\/title>\n<meta name=\"robots\" content=\"index, follow, max-snippet:-1, max-image-preview:large, max-video-preview:-1\" \/>\n<link rel=\"canonical\" href=\"https:\/\/revita-odenwald.de\/?page_id=222\" \/>\n<meta property=\"og:locale\" content=\"de_DE\" \/>\n<meta property=\"og:type\" content=\"article\" \/>\n<meta property=\"og:title\" content=\"Fitness &amp; Kurse -\" \/>\n<meta property=\"og:url\" content=\"https:\/\/revita-odenwald.de\/?page_id=222\" \/>\n<meta property=\"article:modified_time\" content=\"2025-04-30T16:33:24+00:00\" \/>\n<meta property=\"og:image\" content=\"https:\/\/revita-odenwald.de\/wp-content\/uploads\/2025\/04\/Kursplan-1024x724.jpg\" \/>\n<meta name=\"twitter:card\" content=\"summary_large_image\" \/>\n<meta name=\"twitter:label1\" content=\"Gesch\u00e4tzte Lesezeit\" \/>\n\t<meta name=\"twitter:data1\" content=\"2\u00a0Minuten\" \/>\n<script type=\"application\/ld+json\" class=\"yoast-schema-graph\">{\"@context\":\"https:\/\/schema.org\",\"@graph\":[{\"@type\":\"WebPage\",\"@id\":\"https:\/\/revita-odenwald.de\/?page_id=222\",\"url\":\"https:\/\/revita-odenwald.de\/?page_id=222\",\"name\":\"Fitness & Kurse -\",\"isPartOf\":{\"@id\":\"https:\/\/revita-odenwald.de\/#website\"},\"primaryImageOfPage\":{\"@id\":\"https:\/\/revita-odenwald.de\/?page_id=222#primaryimage\"},\"image\":{\"@id\":\"https:\/\/revita-odenwald.de\/?page_id=222#primaryimage\"},\"thumbnailUrl\":\"https:\/\/revita-odenwald.de\/wp-content\/uploads\/2025\/04\/Kursplan-1024x724.jpg\",\"datePublished\":\"2024-01-10T12:31:27+00:00\",\"dateModified\":\"2025-04-30T16:33:24+00:00\",\"breadcrumb\":{\"@id\":\"https:\/\/revita-odenwald.de\/?page_id=222#breadcrumb\"},\"inLanguage\":\"de\",\"potentialAction\":[{\"@type\":\"ReadAction\",\"target\":[\"https:\/\/revita-odenwald.de\/?page_id=222\"]}]},{\"@type\":\"ImageObject\",\"inLanguage\":\"de\",\"@id\":\"https:\/\/revita-odenwald.de\/?page_id=222#primaryimage\",\"url\":\"https:\/\/revita-odenwald.de\/wp-content\/uploads\/2025\/04\/Kursplan-scaled.jpg\",\"contentUrl\":\"https:\/\/revita-odenwald.de\/wp-content\/uploads\/2025\/04\/Kursplan-scaled.jpg\",\"width\":2560,\"height\":1810},{\"@type\":\"BreadcrumbList\",\"@id\":\"https:\/\/revita-odenwald.de\/?page_id=222#breadcrumb\",\"itemListElement\":[{\"@type\":\"ListItem\",\"position\":1,\"name\":\"Startseite\",\"item\":\"https:\/\/revita-odenwald.de\/\"},{\"@type\":\"ListItem\",\"position\":2,\"name\":\"Fitness &#038; Kurse\"}]},{\"@type\":\"WebSite\",\"@id\":\"https:\/\/revita-odenwald.de\/#website\",\"url\":\"https:\/\/revita-odenwald.de\/\",\"name\":\"\",\"description\":\"\",\"potentialAction\":[{\"@type\":\"SearchAction\",\"target\":{\"@type\":\"EntryPoint\",\"urlTemplate\":\"https:\/\/revita-odenwald.de\/?s={search_term_string}\"},\"query-input\":{\"@type\":\"PropertyValueSpecification\",\"valueRequired\":true,\"valueName\":\"search_term_string\"}}],\"inLanguage\":\"de\"}]}<\/script>\n<!-- \/ Yoast SEO plugin. -->","yoast_head_json":{"title":"Fitness & Kurse -","robots":{"index":"index","follow":"follow","max-snippet":"max-snippet:-1","max-image-preview":"max-image-preview:large","max-video-preview":"max-video-preview:-1"},"canonical":"https:\/\/revita-odenwald.de\/?page_id=222","og_locale":"de_DE","og_type":"article","og_title":"Fitness & Kurse -","og_url":"https:\/\/revita-odenwald.de\/?page_id=222","article_modified_time":"2025-04-30T16:33:24+00:00","og_image":[{"url":"https:\/\/revita-odenwald.de\/wp-content\/uploads\/2025\/04\/Kursplan-1024x724.jpg","type":"","width":"","height":""}],"twitter_card":"summary_large_image","twitter_misc":{"Gesch\u00e4tzte Lesezeit":"2\u00a0Minuten"},"schema":{"@context":"https:\/\/schema.org","@graph":[{"@type":"WebPage","@id":"https:\/\/revita-odenwald.de\/?page_id=222","url":"https:\/\/revita-odenwald.de\/?page_id=222","name":"Fitness & Kurse -","isPartOf":{"@id":"https:\/\/revita-odenwald.de\/#website"},"primaryImageOfPage":{"@id":"https:\/\/revita-odenwald.de\/?page_id=222#primaryimage"},"image":{"@id":"https:\/\/revita-odenwald.de\/?page_id=222#primaryimage"},"thumbnailUrl":"https:\/\/revita-odenwald.de\/wp-content\/uploads\/2025\/04\/Kursplan-1024x724.jpg","datePublished":"2024-01-10T12:31:27+00:00","dateModified":"2025-04-30T16:33:24+00:00","breadcrumb":{"@id":"https:\/\/revita-odenwald.de\/?page_id=222#breadcrumb"},"inLanguage":"de","potentialAction":[{"@type":"ReadAction","target":["https:\/\/revita-odenwald.de\/?page_id=222"]}]},{"@type":"ImageObject","inLanguage":"de","@id":"https:\/\/revita-odenwald.de\/?page_id=222#primaryimage","url":"https:\/\/revita-odenwald.de\/wp-content\/uploads\/2025\/04\/Kursplan-scaled.jpg","contentUrl":"https:\/\/revita-odenwald.de\/wp-content\/uploads\/2025\/04\/Kursplan-scaled.jpg","width":2560,"height":1810},{"@type":"BreadcrumbList","@id":"https:\/\/revita-odenwald.de\/?page_id=222#breadcrumb","itemListElement":[{"@type":"ListItem","position":1,"name":"Startseite","item":"https:\/\/revita-odenwald.de\/"},{"@type":"ListItem","position":2,"name":"Fitness &#038; Kurse"}]},{"@type":"WebSite","@id":"https:\/\/revita-odenwald.de\/#website","url":"https:\/\/revita-odenwald.de\/","name":"","description":"","potentialAction":[{"@type":"SearchAction","target":{"@type":"EntryPoint","urlTemplate":"https:\/\/revita-odenwald.de\/?s={search_term_string}"},"query-input":{"@type":"PropertyValueSpecification","valueRequired":true,"valueName":"search_term_string"}}],"inLanguage":"de"}]}},"_links":{"self":[{"href":"https:\/\/revita-odenwald.de\/index.php?rest_route=\/wp\/v2\/pages\/222","targetHints":{"allow":["GET"]}}],"collection":[{"href":"https:\/\/revita-odenwald.de\/index.php?rest_route=\/wp\/v2\/pages"}],"about":[{"href":"https:\/\/revita-odenwald.de\/index.php?rest_route=\/wp\/v2\/types\/page"}],"author":[{"embeddable":true,"href":"https:\/\/revita-odenwald.de\/index.php?rest_route=\/wp\/v2\/users\/1"}],"replies":[{"embeddable":true,"href":"https:\/\/revita-odenwald.de\/index.php?rest_route=%2Fwp%2Fv2%2Fcomments&post=222"}],"version-history":[{"count":4,"href":"https:\/\/revita-odenwald.de\/index.php?rest_route=\/wp\/v2\/pages\/222\/revisions"}],"predecessor-version":[{"id":495,"href":"https:\/\/revita-odenwald.de\/index.php?rest_route=\/wp\/v2\/pages\/222\/revisions\/495"}],"wp:attachment":[{"href":"https:\/\/revita-odenwald.de\/index.php?rest_route=%2Fwp%2Fv2%2Fmedia&parent=222"}],"curies":[{"name":"wp","href":"https:\/\/api.w.org\/{rel}","templated":true}]}}